{"id":22,"date":"2016-07-21T22:14:11","date_gmt":"2016-07-21T22:14:11","guid":{"rendered":"http:\/\/www.zeusthemes.com\/mandm\/?page_id=22"},"modified":"2020-09-28T22:38:18","modified_gmt":"2020-09-28T20:38:18","slug":"home-slider","status":"publish","type":"page","link":"https:\/\/stolampartow.pl\/","title":{"rendered":"HOME SLIDER"},"content":{"rendered":"<p>[vc_row el_class=&#8221;section-light&#8221;][vc_column][rev_slider_vc alias=&#8221;mm-slider-hamburger&#8221;][\/vc_column][\/vc_row]<\/p>\n\n\n<p>[vc_row el_id=&#8221;about&#8221; css=&#8221;.vc_custom_1469786322094{padding-top: 60px !important;}&#8221;][vc_column][sub_heading title_heading=&#8221;O NAS&#8221; heading_color=&#8221;#131313&#8243; divider=&#8221;true&#8221; border=&#8221;true&#8221; hr_number=&#8221;01&#8243;]<br \/>\n[\/sub_heading][\/vc_column][\/vc_row]<\/p>\n\n\n<p>[vc_row][vc_column width=&#8221;2\/3&#8243; offset=&#8221;vc_col-lg-offset-2 vc_col-md-offset-2 vc_col-sm-offset-2&#8243;][vc_row_inner][vc_column_inner width=&#8221;1\/2&#8243;][vc_column_text css_animation=&#8221;bottom-to-top&#8221;]<span style=\"display:block;font-weight: 400; margin-top:50px\">Kiedy wszyscy krzycz\u0105, to nikt nic nie m\u00f3wi.<\/span><span style=\"display:block\"> My stawiamy na konkret i komunikat dla wybranych odbiorc\u00f3w.<\/span><\/p>\n<p><span style=\"font-weight: 400;\">Nie komplikujemy prostych rzeczy, ani nie sprowadzamy do bana\u0142u kwestii z\u0142o\u017conych. Wszystko musi znale\u017a\u0107 sw\u00f3j ton, miejsce i czas.<\/span><\/p>\n<p><span style=\"font-weight: 400;\">Jeste\u015bmy dobrzy w kontekstach, bo taki jest nasz zesp\u00f3\u0142 &#8211; zr\u00f3\u017cnicowany, z odmiennymi do\u015bwiadczeniami.<\/span><\/p>\n<p style=\"text-align: justify;\">Uwa\u017camy \u017ce s\u0142owa maj\u0105 znaczenie i dobieramy je starannie.<\/p>\n<p style=\"text-align: justify;\">Mo\u017cna inaczej? Oczywi\u015bcie.<\/p>\n<p>[\/vc_column_text][vc_btn title=&#8221;Za\u0142o\u017cycielki&#8221; color=&#8221;transparent&#8221; align=&#8221;left&#8221; css_animation=&#8221;bottom-to-top&#8221;  link=&#8221;url:%23team||&#8221;][\/vc_column_inner][vc_column_inner width=&#8221;1\/2&#8243;][vc_single_image image=&#8221;4053&#8243; img_size=&#8221;full&#8221; alignment=&#8221;center&#8221;][\/vc_column_inner][\/vc_row_inner][\/vc_column][\/vc_row]<\/p>\n\n\n<p>[vc_row el_class=&#8221;container&#8221;][vc_column][vc_row_inner][vc_column_inner width=&#8221;1\/3&#8243;][vc_single_image image=&#8221;4052&#8243; img_size=&#8221;full&#8221; alignment=&#8221;center&#8221;][\/vc_column_inner][vc_column_inner width=&#8221;2\/3&#8243;][vc_column_text css_animation=&#8221;bottom-to-top&#8221;]<\/p>\n<div style=\"margin-left:80px\">\n<hr style=\"width:50px;border-top:1px solid black; margin-left:0; margin-top:0\">\n<h3 style=\"text-align: justify;\"><strong> My\u015blenie ma przysz\u0142o\u015b\u0107<\/strong><\/h3>\n<p><span style=\"font-weight: 400;\">Przypadki to potencjalne wypadki,<br \/> dlatego staramy si\u0119 by nawet<br \/>spontaniczno\u015b\u0107 by\u0142a (rozs\u0105dnie)<br \/>zaplanowana.&nbsp;<\/span><\/p>\n<p><span style=\"font-weight: 400;\">St\u0105d najpierw analiza i zadanie<br \/> odpowiednich pyta\u0144. Kim jest nasz<br \/>rozm\u00f3wca? Czy pije espresso<br \/>czy kaw\u0119 z ekspresu? Pewnie i tak<br \/>oka\u017ce si\u0119, \u017ce woli zielon\u0105 herbat\u0119,<br \/>ale w\u0142a\u015bnie po to jest ca\u0142y proces.&nbsp;<\/span><\/p>\n<p><span style=\"font-weight: 400;\">Po analizie przychodzi czas na strategi\u0119<br \/>i plan wdro\u017cenia. Nie chcemy dociera\u0107<br \/>do celu objazdami, ale te\u017c nie wybieramy<br \/>drogi na skr\u00f3ty.&nbsp;<\/span><\/div>\n<p>[\/vc_column_text]<\/p>\n<div style=\"margin-left:80px\">[vc_btn title=&#8221;Napisz do nas &#8221; color=&#8221;transparent&#8221; css_animation=&#8221;bottom-to-top&#8221; link=&#8221;url:%23contact||&#8221;]<\/div>\n<p>[\/vc_column_inner][\/vc_row_inner][\/vc_column][\/vc_row]<\/p>\n\n\n<p><!--[vc_row css=\".vc_custom_1460382876066{padding-top: 48px !important;padding-bottom: 48px !important;background-color: #131313 !important;}\"][vc_column][sub_heading title_heading=\"PRODUKCJE FILMOWE\" vertical_line=\"absolute\" line_size=\"large\" animation=\"true\" heading_color=\"#ffffff\" css_animation=\"top-to-bottom\" border=\"true\"]\n\n\n<p style=\"text-align: center; color: #ffffff;\">Filmy zrealizowane w ramach kampanii dla naszych klient\u00f3w<\/p>\n\n\n[\/sub_heading][\/vc_column][\/vc_row]--><\/p>\n\n\n\n<!--<p>[vc_row][vc_column][popup_video image_align=\"aligncenter\" video_image=\"126\" video_url=\"https:\/\/vimeo.com\/137227332\" play_button=\"true\"][\/vc_column][\/vc_row]<\/p>-->\n\n\n<p>[vc_row el_id=&#8221;services&#8221; css=&#8221;.vc_custom_1469669348463{padding-top: 50px !important;}&#8221;][vc_column][sub_heading title_heading=&#8221;Co robimy? &#8221; heading_color=&#8221;#131313&#8243; divider=&#8221;true&#8221; hr_number=&#8221;02&#8243;]<\/p>\n<p style=\"text-align: center;\"><span style=\"font-weight: 400;\">Poznaj nasze obszary kompetencji<\/span><\/p>\n<p>[\/sub_heading][\/vc_column][\/vc_row]<\/p>\n\n\n<p>[vc_row el_class=&#8221;competences container center&#8221;][vc_column width=&#8221;1\/4&#8243;][vc_service_section][vc_icon icon_ionicons=&#8221;ion-umbrella&#8221; color=&#8221;custom&#8221; size=&#8221;xl&#8221; align=&#8221;center&#8221; css_animation=&#8221;bottom-to-top&#8221; custom_color=&#8221;#3a3838&#8243;][vc_service title_color=&#8221;#131313&#8243; css_animation=&#8221;bottom-to-top&#8221; title=&#8221;Strategie komunikacji&#8221; icon_block=&#8221;true&#8221;]<span style=\"font-weight: 400;\"><\/p>\n<li>doradztwo strategiczne<\/li>\n<p><\/span><\/p>\n<p><span style=\"font-weight: 400;\"><\/p>\n<li>analiza otoczenia rynkowego<\/li>\n<p><\/span><\/p>\n<p><span style=\"font-weight: 400;\"><\/p>\n<li>to\u017csamo\u015b\u0107 i pozycjonowanie marki<\/li>\n<p><\/span><\/p>\n<p><span style=\"font-weight: 400;\"><\/p>\n<li>wdro\u017cenie i ewaluacja<\/li>\n<p><\/span>[\/vc_service][\/vc_service_section][\/vc_column][vc_column width=&#8221;1\/4&#8243;][vc_service_section][vc_icon icon_ionicons=&#8221;ion-ios-lightbulb-outline&#8221; color=&#8221;custom&#8221; size=&#8221;xl&#8221; align=&#8221;center&#8221; css_animation=&#8221;bottom-to-top&#8221; custom_color=&#8221;#3a3838&#8243;][vc_service title_color=&#8221;#131313&#8243; css_animation=&#8221;bottom-to-top&#8221; title=&#8221;PR&#8221; icon_block=&#8221;true&#8221;]<span style=\"font-weight: 400;\"><\/p>\n<li>budowanie wizerunku<\/li>\n<p><\/p>\n<li>zarz\u0105dzanie reputacj\u0105<\/li>\n<p><\/p>\n<li>komunikacja korporacyjna<\/li>\n<p><\/span><\/p>\n<p><span style=\"font-weight: 400;\"><\/p>\n<li>relacje z mediami i influencerami<\/li>\n<p><\/span><\/p>\n<p><span style=\"font-weight: 400;\"><\/p>\n<li>szkolenia mediowe alternatywne<\/li>\n<p><\/span><\/p>\n<p><span style=\"font-weight: 400;\"><\/p>\n<li>konferencje prasowe<\/li>\n<p><\/span>[\/vc_service][\/vc_service_section][\/vc_column][vc_column width=&#8221;1\/4&#8243;][vc_service_section][vc_icon icon_ionicons=&#8221;ion-ios-film-outline&#8221; color=&#8221;custom&#8221; size=&#8221;xl&#8221; align=&#8221;center&#8221; css_animation=&#8221;bottom-to-top&#8221; custom_color=&#8221;#3a3838&#8243;][vc_service title_color=&#8221;#131313&#8243; css_animation=&#8221;bottom-to-top&#8221; title=&#8221;Produkcja &amp; projektowanie graficzne&#8221; icon_block=&#8221;true&#8221;]<span style=\"font-weight: 400;\"><\/p>\n<li>wydarzenia korporacyjne<\/li>\n<p><\/span><\/p>\n<p><span style=\"font-weight: 400;\"><\/p>\n<li>spotkania prasowe<\/li>\n<p><\/span><\/p>\n<p><span style=\"font-weight: 400;\"><\/p>\n<li>sesje fotograficzne<\/li>\n<p><\/span><\/p>\n<p><span style=\"font-weight: 400;\"><\/p>\n<li>filmy\/ spoty \/ wideo<\/li>\n<p><\/span><\/p>\n<p><span style=\"font-weight: 400;\"><\/p>\n<li>branding<\/li>\n<p><\/span><\/p>\n<p><span style=\"font-weight: 400;\"><\/p>\n<li>materia\u0142y promocyjne<\/li>\n<p><\/span>[\/vc_service][\/vc_service_section][\/vc_column][vc_column width=&#8221;1\/4&#8243;][vc_service_section][vc_icon icon_ionicons=&#8221;ion-ios-pie-outline&#8221; color=&#8221;custom&#8221; size=&#8221;xl&#8221; align=&#8221;center&#8221; css_animation=&#8221;bottom-to-top&#8221; custom_color=&#8221;#3a3838&#8243;][vc_service title_color=&#8221;#131313&#8243; css_animation=&#8221;bottom-to-top&#8221; title=&#8221;Digital&#8221; icon_block=&#8221;true&#8221;]<span style=\"font-weight: 400;\"><\/p>\n<li>kampanie online<\/li>\n<p><\/span><\/p>\n<p><span style=\"font-weight: 400;\"><\/p>\n<li>aplikacje mobilne<\/li>\n<p><\/span><\/p>\n<p><span style=\"font-weight: 400;\"><\/p>\n<li>strony internetowe<\/li>\n<p><\/span><\/p>\n<p><span style=\"font-weight: 400;\"><\/p>\n<li>social media<\/li>\n<p><\/span><\/p>\n<p><span style=\"font-weight: 400;\"><\/p>\n<li>webinary<\/li>\n<p><\/span>[\/vc_service][\/vc_service_section][\/vc_column][\/vc_row]<\/p>\n\n\n<p>[vc_row content_placement=&#8221;middle&#8221;][vc_column width=&#8221;1\/2&#8243; css=&#8221;.vc_custom_1471031053549{margin-right: -15px !important;margin-left: -15px !important;padding-top: 0px !important;background-position: center !important;background-repeat: no-repeat !important;background-size: cover !important;}&#8221;][image_effect opacity=&#8221;0&#8243; attached_image=&#8221;4083&#8243;][\/vc_column][vc_column width=&#8221;1\/2&#8243; css=&#8221;.vc_custom_1471031129857{padding-top: 65px !important;padding-right: 45px !important;padding-bottom: 35px !important;padding-left: 45px !important;}&#8221;][vc_column_text]<\/p>\n<hr style=\"width:50px;border-top:1px solid black; margin-left:0; margin-top:0\">\n<h3 style=\"text-align: justify;\"><strong>Lamparcie terytoria<\/strong><\/h3>\n<p>Mamy wiedz\u0119 i do\u015bwiadczenie pozwalaj\u0105ce tworzy\u0107 nam komunikacj\u0119 dla podmiot\u00f3w z wielu sektor\u00f3w. Szczeg\u00f3lne kompetencje mamy w trzech z nich.<\/p>\n<p><b>Firmy farmaceutyczne<\/b><img decoding=\"async\" loading=\"lazy\" src=\"\/wp-content\/themes\/mandm\/assets\/images\/companies.svg\" width=\"23\" height=\"17\" style=\"margin-left:15px; margin-top:-10px\"><\/p>\n<p><span style=\"font-weight: 400;\">Jako Sto Lampart\u00f3w wsp\u00f3\u0142pracujemy z firmami farmaceutycznymi w obszarze RX od  3&nbsp;lat. Jednak nasze do\u015bwiadczenie pracy w tym obszarze budujemy od ponad 10-ciu lat. Tworzymy strategie komunikacji &nbsp;i realizujemy kampanie edukacyjne dla pacjent\u00f3w i lekarzy.&nbsp;Dostarczamy&nbsp;specjalistyczne tre\u015bci i organizujemy konferencje. <\/span><\/p>\n<p><b>Biznes i sztuka<\/b><img decoding=\"async\" loading=\"lazy\" src=\"\/wp-content\/themes\/mandm\/assets\/images\/business.svg\" width=\"16\" height=\"16\" style=\"margin-left:15px; margin-top:-5px\"><\/p>\n<p><span style=\"font-weight: 400;\">Nasze pasje znajduj\u0105 wyraz w naszych profesjonalnych dzia\u0142aniach. Regularnie wsp\u00f3\u0142pracujemy z instytucjami kultury i sztuki, promujemy wystawy i festiwale. Z powodzeniem \u0142\u0105czymy \u015bwiat biznesu i sztuki. Dzi\u0119ki temu dusze nam \u015bpiewaj\u0105, a sumienia \u015bpi\u0105 spokojnie.<\/span><\/p>\n<p><b>Marki konsumenckie i dobra niekoniecznie szybkozdobywalne<\/b><img decoding=\"async\" loading=\"lazy\" src=\"\/wp-content\/themes\/mandm\/assets\/images\/brands.svg\" width=\"32\" height=\"15\" style=\"margin-left:15px; margin-top:-5px\"><\/p>\n<p><span style=\"font-weight: 400;\">Wiemy jak wprowadza\u0107 nowe marki na rynek. Budujemy relacje z mediami i influencerami, a do komunikacji anga\u017cujemy wiele kana\u0142\u00f3w online\/offline. Tworzymy sklepy internetowe i wspieramy e-commerce.&nbsp;<\/span>[\/vc_column_text][vc_btn title=&#8221;ZOBACZ NASZE WYBRANE PROJEKTY&#8221; color=&#8221;transparent&#8221; css_animation=&#8221;bottom-to-top&#8221;  link=&#8221;url:%23portfolio||&#8221;][\/vc_column][\/vc_row]<\/p>\n\n\n\n<p>[vc_row el_id=&#8221;portfolio&#8221; css=&#8221;.vc_custom_1469669568281{padding-top: 96px !important;}&#8221;][vc_column][sub_heading title_heading=&#8221;WYBRANE PROJEKTY&#8221; heading_color=&#8221;#131313&#8243; divider=&#8221;true&#8221; hr_number=&#8221;03&#8243;][\/sub_heading][portfolio projects_columns=&#8221;3&#8243; projects_row=&#8221;9999&#8243;][\/vc_column][\/vc_row][vc_row el_id=&#8221;team&#8221; css=&#8221;.vc_custom_1469669385636{padding-top: 96px !important;}&#8221;][vc_column][sub_heading title_heading=&#8221;ZESP\u00d3\u0141&#8221; heading_color=&#8221;#131313&#8243; divider=&#8221;true&#8221; hr_number=&#8221;04&#8243;][\/sub_heading][\/vc_column][\/vc_row]<\/p>\n\n\n<p>[vc_row][vc_column offset=&#8221;vc_col-lg-offset-4 vc_col-lg-4&#8243;][vc_column_text]<\/p>\n<h3 style=\"text-align: center;\"><strong>Kto tworzy sto lampart\u00f3w?<\/strong><\/h3>\n<p style=\"text-align: justify;\"><span style=\"font-weight: 400;\">Ile c\u0119tek ma sto lampart\u00f3w? Nie wiemy dok\u0142adnie! Ale za to mo\u017cemy powiedzie\u0107 Wam kilka rzeczy o naszym zespole.<\/span><\/p>\n<p>[\/vc_column_text][\/vc_column][\/vc_row]<\/p>\n\n\n\n<p>[vc_row el_class=&#8221;container center&#8221;][vc_column][team_members members_per_col=&#8221;3&#8243; css_animation=&#8221;bottom-to-top&#8221;][\/vc_column][\/vc_row]<\/p>\n\n\n\n[vc_row el_class=&#8221;section-overlay-dark&#8221;][vc_column css=&#8221;.vc_custom_1468343004700{padding-right: 15px !important;padding-left: 15px !important;}&#8221; offset=&#8221;vc_col-lg-offset-1 vc_col-lg-10&#8243;][vc_empty_space][sub_heading title_heading=&#8221;NASI KLIENCI&#8221; heading_color=&#8221;#000000&#8243; divider=&#8221;true&#8221; hr_number=&#8221;05&#8243;]\n<div class=\"row\">\n<div class=\"col-sm-3 text-center\">\n<img decoding=\"async\" src=\"wp-content\/themes\/mandm\/assets\/images\/clients\/bmw.png\">\n<\/div>\n<div class=\"col-sm-3 text-center\"><img decoding=\"async\" src=\"wp-content\/themes\/mandm\/assets\/images\/clients\/zlota44.png\"><\/div>\n<div class=\"col-sm-3 text-center\"><img decoding=\"async\" src=\"wp-content\/themes\/mandm\/assets\/images\/clients\/edipresse.png\"><\/div>\n<div class=\"col-sm-3 text-center\"><img decoding=\"async\" src=\"wp-content\/themes\/mandm\/assets\/images\/clients\/terroir.png\"><\/div>\n<\/div>\n<div class=\"col-sm-3 text-center\"><img decoding=\"async\" src=\"wp-content\/themes\/mandm\/assets\/images\/clients\/instytut_fotografii.png\"><\/div>\n<div class=\"col-sm-3 text-center\"><img decoding=\"async\" src=\"wp-content\/themes\/mandm\/assets\/images\/clients\/sanofi.png\"><\/div>\n<div class=\"col-sm-3 text-center\"><img decoding=\"async\" src=\"wp-content\/themes\/mandm\/assets\/images\/clients\/takeda.png\"><\/div>\n<div class=\"col-sm-3 text-center\"><img decoding=\"async\" src=\"wp-content\/themes\/mandm\/assets\/images\/clients\/shire.png\"><\/div>\n<div class=\"col-sm-3 text-center\"><img decoding=\"async\" src=\"wp-content\/themes\/mandm\/assets\/images\/clients\/vertex.png\"><\/div>\n<div class=\"col-sm-3 text-center\"><img decoding=\"async\" src=\"wp-content\/themes\/mandm\/assets\/images\/clients\/msd.png\"><\/div>\n<div class=\"col-sm-3 text-center\"><img decoding=\"async\" src=\"wp-content\/themes\/mandm\/assets\/images\/clients\/mary_kay.png\"><\/div>\n<div class=\"col-sm-3 text-center\"><img decoding=\"async\" src=\"wp-content\/themes\/mandm\/assets\/images\/clients\/bobbi_brown.png\"><\/div>\n<div class=\"col-sm-6 text-center\"><img decoding=\"async\" src=\"wp-content\/themes\/mandm\/assets\/images\/clients\/purite.png\" style=\"max-width:220px\"><\/div>\n<div class=\"col-sm-6 text-center\"><img decoding=\"async\" src=\"wp-content\/themes\/mandm\/assets\/images\/clients\/umami.png\"  style=\"max-width:220px\"><\/div>\n<\/div>\n[vc_empty_space][\/vc_column][\/vc_row]\n\n\n<p>[vc_row el_id=&#8221;contact&#8221; css=&#8221;.vc_custom_1469669417949{padding-top: 96px !important;}&#8221;][vc_column][sub_heading title_heading=&#8221;KONTAKT&#8221; heading_color=&#8221;#131313&#8243; divider=&#8221;true&#8221; hr_number=&#8221;06&#8243;]<\/p>\n<p style=\"text-align: center;\"><span style=\"font-weight: 400;\">Je\u015bli jeste\u015b zainteresowany wsp\u00f3\u0142prac\u0105 &#8211; skontaktuj si\u0119 z nami. Porozmawiajmy!<\/span><\/p>\n<p>[\/sub_heading][\/vc_column][\/vc_row]<\/p>\n\n\n<p>[vc_row el_class=&#8221;container&#8221;][vc_column width=&#8221;1\/3&#8243; offset=&#8221;vc_col-lg-offset-2&#8243; el_class=&#8221;icon-block&#8221;][vc_icon icon_ionicons=&#8221;ion-ios-flag&#8221; color=&#8221;custom&#8221; size=&#8221;xl&#8221; align=&#8221;center&#8221; custom_color=&#8221;#131313&#8243;][vc_column_text]<\/p>\n<p style=\"text-align: center;\">ul. Mickiewicza 37 lokal 53<br \/>\n01-625 Warszawa<\/p>\n<p>[\/vc_column_text][\/vc_column][vc_column width=&#8221;1\/3&#8243; el_class=&#8221;icon-block&#8221;][vc_icon icon_ionicons=&#8221;ion-ios-email&#8221; color=&#8221;custom&#8221; size=&#8221;xl&#8221; align=&#8221;center&#8221; custom_color=&#8221;#131313&#8243;][vc_column_text]<\/p>\n<p style=\"text-align: center;\"><a href=\"mailto:biuro@stolampartow.pl\">biuro@stolampartow.pl<\/a><\/p>\n<p>[\/vc_column_text][\/vc_column][\/vc_row]<\/p>\n\n\n\n<p>[vc_row css=&#8221;.vc_custom_1469669423340{padding-bottom: 96px !important;}&#8221;][vc_column]\n<div class=\"wpcf7 no-js\" id=\"wpcf7-f136-o1\" lang=\"en-US\" dir=\"ltr\">\n<div class=\"screen-reader-response\"><p role=\"status\" aria-live=\"polite\" aria-atomic=\"true\"><\/p> <ul><\/ul><\/div>\n<form action=\"\/index.php\/wp-json\/wp\/v2\/pages\/22#wpcf7-f136-o1\" method=\"post\" class=\"wpcf7-form init\" aria-label=\"Contact form\" novalidate=\"novalidate\" data-status=\"init\">\n<div style=\"display: none;\">\n<input type=\"hidden\" name=\"_wpcf7\" value=\"136\" \/>\n<input type=\"hidden\" name=\"_wpcf7_version\" value=\"5.7.6\" \/>\n<input type=\"hidden\" name=\"_wpcf7_locale\" value=\"en_US\" \/>\n<input type=\"hidden\" name=\"_wpcf7_unit_tag\" value=\"wpcf7-f136-o1\" \/>\n<input type=\"hidden\" name=\"_wpcf7_container_post\" value=\"0\" \/>\n<input type=\"hidden\" name=\"_wpcf7_posted_data_hash\" value=\"\" \/>\n<\/div>\n<div class=\"col-md-6 col-md-offset-3 contact-form\">\n\t<div class=\"col-md-12 form-input-icon\">\n\t\t<p><i class=\"icon ion-ios-person\"><\/i><br \/>\n<span class=\"wpcf7-form-control-wrap\" data-name=\"your-name\"><input size=\"40\" class=\"wpcf7-form-control wpcf7-text wpcf7-validates-as-required\" aria-required=\"true\" aria-invalid=\"false\" placeholder=\"Name\" value=\"\" type=\"text\" name=\"your-name\" \/><\/span>\n\t\t<\/p>\n\t<\/div>\n\t<div class=\"col-md-12 form-input-icon\">\n\t\t<p><i class=\"icon ion-at\"><\/i><br \/>\n<span class=\"wpcf7-form-control-wrap\" data-name=\"your-email\"><input size=\"40\" class=\"wpcf7-form-control wpcf7-text wpcf7-email wpcf7-validates-as-required wpcf7-validates-as-email\" aria-required=\"true\" aria-invalid=\"false\" placeholder=\"E-mail\" value=\"\" type=\"email\" name=\"your-email\" \/><\/span>\n\t\t<\/p>\n\t<\/div>\n\t<div class=\"col-md-12 form-textarea-icon\">\n\t\t<p><i class=\"icon ion-edit\"><\/i><br \/>\n<span class=\"wpcf7-form-control-wrap\" data-name=\"your-message\"><textarea cols=\"40\" rows=\"10\" class=\"wpcf7-form-control wpcf7-textarea\" aria-invalid=\"false\" placeholder=\"Message\" name=\"your-message\"><\/textarea><\/span>\n\t\t<\/p>\n\t<\/div>\n\t<div class=\"col-md-12\">\n\t\t<p class=\"text-semi-white tiny required-message text-caps\"><br \/>\n* All fields required.\n\t\t<\/p>\n\t\t<p><input class=\"wpcf7-form-control has-spinner wpcf7-submit contact-form-submit btn btn-success\" type=\"submit\" value=\"SEND\" \/>\n\t\t<\/p>\n\t<\/div>\n<\/div><div class=\"wpcf7-response-output\" aria-hidden=\"true\"><\/div>\n<\/form>\n<\/div>\n[\/vc_column][\/vc_row]<\/p>\n","protected":false},"excerpt":{"rendered":"<p>[vc_row el_id=&#8221;portfolio&#8221; css=&#8221;.vc_custom_1469669568281{padding-top: 96px !important;}&#8221;][vc_column][sub_heading title_heading=&#8221;WYBRANE PROJEKTY&#8221; heading_color=&#8221;#131313&#8243; divider=&#8221;true&#8221; hr_number=&#8221;03&#8243;][\/sub_heading][portfolio projects_columns=&#8221;3&#8243; projects_row=&#8221;9999&#8243;][\/vc_column][\/vc_row][vc_row el_id=&#8221;team&#8221; css=&#8221;.vc_custom_1469669385636{padding-top: 96px !important;}&#8221;][vc_column][sub_heading title_heading=&#8221;ZESP\u00d3\u0141&#8221; heading_color=&#8221;#131313&#8243; divider=&#8221;true&#8221; hr_number=&#8221;04&#8243;][\/sub_heading][\/vc_column][\/vc_row] [vc_row el_class=&#8221;container center&#8221;][vc_column][team_members members_per_col=&#8221;3&#8243; css_animation=&#8221;bottom-to-top&#8221;][\/vc_column][\/vc_row] [vc_row el_class=&#8221;section-overlay-dark&#8221;][vc_column css=&#8221;.vc_custom_1468343004700{padding-right: 15px !important;padding-left: 15px !important;}&#8221; offset=&#8221;vc_col-lg-offset-1 vc_col-lg-10&#8243;][vc_empty_space][sub_heading title_heading=&#8221;NASI KLIENCI&#8221; heading_color=&#8221;#000000&#8243; divider=&#8221;true&#8221; hr_number=&#8221;05&#8243;] [vc_empty_space][\/vc_column][\/vc_row] [vc_row css=&#8221;.vc_custom_1469669423340{padding-bottom: 96px !important;}&#8221;][vc_column][\/vc_column][\/vc_row]<\/p>\n","protected":false},"author":1,"featured_media":0,"parent":0,"menu_order":0,"comment_status":"closed","ping_status":"closed","template":"homepage.php","meta":[],"_links":{"self":[{"href":"https:\/\/stolampartow.pl\/index.php\/wp-json\/wp\/v2\/pages\/22"}],"collection":[{"href":"https:\/\/stolampartow.pl\/index.php\/wp-json\/wp\/v2\/pages"}],"about":[{"href":"https:\/\/stolampartow.pl\/index.php\/wp-json\/wp\/v2\/types\/page"}],"author":[{"embeddable":true,"href":"https:\/\/stolampartow.pl\/index.php\/wp-json\/wp\/v2\/users\/1"}],"replies":[{"embeddable":true,"href":"https:\/\/stolampartow.pl\/index.php\/wp-json\/wp\/v2\/comments?post=22"}],"version-history":[{"count":80,"href":"https:\/\/stolampartow.pl\/index.php\/wp-json\/wp\/v2\/pages\/22\/revisions"}],"predecessor-version":[{"id":4296,"href":"https:\/\/stolampartow.pl\/index.php\/wp-json\/wp\/v2\/pages\/22\/revisions\/4296"}],"wp:attachment":[{"href":"https:\/\/stolampartow.pl\/index.php\/wp-json\/wp\/v2\/media?parent=22"}],"curies":[{"name":"wp","href":"https:\/\/api.w.org\/{rel}","templated":true}]}}